{"id":118974,"date":"2025-07-14T12:47:29","date_gmt":"2025-07-14T10:47:29","guid":{"rendered":"https:\/\/www.hotelbarsalini.com\/marciana\/"},"modified":"2025-11-28T14:44:45","modified_gmt":"2025-11-28T13:44:45","slug":"marciana","status":"publish","type":"page","link":"https:\/\/www.hotelbarsalini.com\/de\/marciana\/","title":{"rendered":"Marciana"},"content":{"rendered":"\t\t<div data-elementor-type=\"wp-page\" data-elementor-id=\"118974\" class=\"elementor elementor-118974 elementor-117457\">\n\t\t\t\t<div class=\"elementor-element elementor-element-ed56dee e-flex e-con-boxed tm-col-stretched-none tm-bg-color-over-image e-con e-parent\" data-id=\"ed56dee\" data-element_type=\"container\" data-settings=\"{&quot;background_background&quot;:&quot;classic&quot;}\">\n\t\t\t\t\t<div class=\"e-con-inner\">\n\t\t\t\t<div class=\"elementor-element elementor-element-0ac2267 elementor-widget elementor-widget-spacer\" data-id=\"0ac2267\" data-element_type=\"widget\" data-widget_type=\"spacer.default\">\n\t\t\t\t<div class=\"elementor-widget-container\">\n\t\t\t\t\t\t\t<div class=\"elementor-spacer\">\n\t\t\t<div class=\"elementor-spacer-inner\"><\/div>\n\t\t<\/div>\n\t\t\t\t\t\t<\/div>\n\t\t\t\t<\/div>\n\t\t\t\t\t<\/div>\n\t\t\t\t<\/div>\n\t\t<div class=\"elementor-element elementor-element-6ec2b648 e-flex e-con-boxed tm-col-stretched-none tm-bg-color-over-image e-con e-parent\" data-id=\"6ec2b648\" data-element_type=\"container\">\n\t\t\t\t\t<div class=\"e-con-inner\">\n\t\t\t\t<div class=\"elementor-element elementor-element-dc50c36 elementor-widget elementor-widget-shortcode\" data-id=\"dc50c36\" data-element_type=\"widget\" data-widget_type=\"shortcode.default\">\n\t\t\t\t<div class=\"elementor-widget-container\">\n\t\t\t\t\t\t\t<div class=\"elementor-shortcode\"><div data-post-id=\"118509\" class=\"insert-page insert-page-118509 \">\t\t<div data-elementor-type=\"section\" data-elementor-id=\"118509\" class=\"elementor elementor-118509 elementor-116365\">\n\t\t\t\t<div class=\"elementor-element elementor-element-533ab58 e-con-full tm-col-stretched-none e-flex tm-bg-color-over-image e-con e-child\" data-id=\"533ab58\" data-element_type=\"container\">\n\t\t\t\t<div class=\"elementor-element elementor-element-6cfbde5d elementor-widget elementor-widget-html\" data-id=\"6cfbde5d\" data-element_type=\"widget\" data-widget_type=\"html.default\">\n\t\t\t\t<div class=\"elementor-widget-container\">\n\t\t\t\t\t<script charset=\"UTF-8\" defer src=\"https:\/\/cdn.beddy.io\/bol-v2\/prod\/beddy-bar-web-component.js\"><\/script><beddy-bar lang=\"de\" widgetcode=\"fceb7eb2f004d\"><\/beddy-bar>\t\t\t\t<\/div>\n\t\t\t\t<\/div>\n\t\t\t\t<\/div>\n\t\t\t\t<\/div>\n\t\t<\/div><\/div>\n\t\t\t\t\t\t<\/div>\n\t\t\t\t<\/div>\n\t\t\t\t\t<\/div>\n\t\t\t\t<\/div>\n\t\t<div class=\"elementor-element elementor-element-17ee6e4a e-flex e-con-boxed tm-col-stretched-none tm-bg-color-over-image e-con e-parent\" data-id=\"17ee6e4a\" data-element_type=\"container\">\n\t\t\t\t\t<div class=\"e-con-inner\">\n\t\t<div class=\"elementor-element elementor-element-29b855b0 e-con-full e-flex tm-col-stretched-none tm-bg-color-over-image e-con e-child\" data-id=\"29b855b0\" data-element_type=\"container\">\n\t\t<div class=\"elementor-element elementor-element-58263b25 e-con-full e-flex tm-col-stretched-none tm-bg-color-over-image e-con e-child\" data-id=\"58263b25\" data-element_type=\"container\">\n\t\t\t\t<div class=\"elementor-element elementor-element-4058032 horizontal-line-align-left vertical-line-align-bottom elementor-widget elementor-widget-tm-ele-section-title\" data-id=\"4058032\" data-element_type=\"widget\" data-widget_type=\"tm-ele-section-title.default\">\n\t\t\t\t<div class=\"elementor-widget-container\">\n\t\t\t\t\t<div class=\"tm-sc-section-title section-title line-right-current-theme \">\r\n\t<div class=\"title-wrapper\">\r\n\t\t\t\t\r\n\r\n<div class=\"sub-title-outer\">\r\n\t\t<div class=\"subtitle \">\r\n\r\n\t\t\r\n\t\tInsel Elba\t<\/div>\r\n\t<\/div>\t\t\t<h2 class=\"title tm-split-text split-in-right\">\r\n\r\n\t\t\r\n\t\t\t\t<span class=\"title-part1 \">Marciana<\/span>\r\n\t\t\t\t\r\n\t\t\r\n\t<\/h2>\r\n\t<div class=\"title-seperator-line\"><\/div>\t\t\t\t\t\t<\/div>\r\n<\/div>\t\t\t\t<\/div>\n\t\t\t\t<\/div>\n\t\t\t\t<div class=\"elementor-element elementor-element-39a0a861 elementor-widget elementor-widget-tm-ele-text-editor\" data-id=\"39a0a861\" data-element_type=\"widget\" data-widget_type=\"tm-ele-text-editor.default\">\n\t\t\t\t<div class=\"elementor-widget-container\">\n\t\t\t\t\t\t\t<div class=\"tm-text-editor\">\r\n\t\tEtwa 375 Meter \u00fc.d.M, unter jahrhundertealten Kastanienb\u00e4umen, befindet sich die mittelalterliche Ortschaft <strong>Marciana<\/strong> mit ihrem etruskisch-romanisch-arch\u00e4ologischen Museum und der pisanischen Festung.\t\t<\/div>\r\n\t\t\t\t\t<\/div>\n\t\t\t\t<\/div>\n\t\t\t\t<div class=\"elementor-element elementor-element-a5947f1 elementor-widget elementor-widget-tm-ele-text-editor\" data-id=\"a5947f1\" data-element_type=\"widget\" data-widget_type=\"tm-ele-text-editor.default\">\n\t\t\t\t<div class=\"elementor-widget-container\">\n\t\t\t\t\t\t\t<div class=\"tm-text-editor\">\r\n\t\tVom Dorf aus f\u00e4hrt eine Seilbahn bis zum Gipfel des <strong>Monte Capanne<\/strong>, wo man eine herrliche Aussicht hat. Der sehr alte Kreuzweg beginnt an der pisanischen Festung und f\u00fchrt zum Heiligtum \"Madonna del Monte\". Hier weilte <strong>Napoleon<\/strong> in der Zeit seines Exils, um die Schiffe rundum die Insel zu kontrollieren.\t\t<\/div>\r\n\t\t\t\t\t<\/div>\n\t\t\t\t<\/div>\n\t\t\t\t<\/div>\n\t\t<div class=\"elementor-element elementor-element-31819e70 e-con-full tm-col-stretched-none e-flex tm-bg-color-over-image e-con e-child\" data-id=\"31819e70\" data-element_type=\"container\">\n\t\t\t\t<div class=\"elementor-element elementor-element-3d45141d elementor-widget elementor-widget-tm-ele-animated-layers\" data-id=\"3d45141d\" data-element_type=\"widget\" data-widget_type=\"tm-ele-animated-layers.default\">\n\t\t\t\t<div class=\"elementor-widget-container\">\n\t\t\t\t\t\t\t<div class=\"tm-sc-animated-layer-advanced \">\r\n\t\t\t<div class=\"animated-layer-advanced-inner clearfix\">\r\n\t\r\n<div class=\"layer-image-wrapper layer-image  layer-image-fullwidth elementor-repeater-item-6cfb89b\" style=\"\">\r\n\t<div class=\"layer-inner layer-image  \">\r\n\t\t<div class=\"layer-image-inner-wrapper image-hover-effect-shine\">\r\n\t\t\t\t\t<img fetchpriority=\"high\" decoding=\"async\" class=\"\" src=\"https:\/\/www.hotelbarsalini.com\/wp-content\/uploads\/pag_marciana_campanile.jpg\" width=\"550\" height=\"650\" alt=\"Marciana\">\r\n\t\t<\/div>\r\n\t<\/div>\r\n<\/div>\r\n<div class=\"layer-image-wrapper  layer-blank  elementor-repeater-item-9fc5240\" style=\"\">\r\n\t<div class=\"layer-inner\">\r\n\t<\/div>\r\n<\/div>\r\n\t\t\t<\/div>\r\n\t\t\t<div class=\"clearfix\"><\/div>\r\n\t\t<\/div>\r\n\t\t\t\t\t<\/div>\n\t\t\t\t<\/div>\n\t\t\t\t<\/div>\n\t\t\t\t<\/div>\n\t\t\t\t\t<\/div>\n\t\t\t\t<\/div>\n\t\t<div class=\"elementor-element elementor-element-83ef76b e-flex e-con-boxed tm-col-stretched-none tm-bg-color-over-image e-con e-parent\" data-id=\"83ef76b\" data-element_type=\"container\" data-settings=\"{&quot;background_background&quot;:&quot;classic&quot;}\">\n\t\t\t\t\t<div class=\"e-con-inner\">\n\t\t<div class=\"elementor-element elementor-element-3994afc e-flex e-con-boxed tm-col-stretched-none tm-bg-color-over-image e-con e-child\" data-id=\"3994afc\" data-element_type=\"container\">\n\t\t\t\t\t<div class=\"e-con-inner\">\n\t\t<div class=\"elementor-element elementor-element-60709bb e-con-full tm-col-stretched-none e-flex tm-bg-color-over-image e-con e-child\" data-id=\"60709bb\" data-element_type=\"container\">\n\t\t\t\t<div class=\"elementor-element elementor-element-d2693d1 horizontal-line-align-left vertical-line-align-bottom elementor-widget elementor-widget-tm-ele-section-title\" data-id=\"d2693d1\" data-element_type=\"widget\" data-widget_type=\"tm-ele-section-title.default\">\n\t\t\t\t<div class=\"elementor-widget-container\">\n\t\t\t\t\t<div class=\"tm-sc-section-title section-title line-right-current-theme \">\r\n\t<div class=\"title-wrapper\">\r\n\t\t\t\t\r\n\r\n<div class=\"sub-title-outer\">\r\n\t\t<div class=\"subtitle \">\r\n\r\n\t\t\r\n\t\tMarciana\t<\/div>\r\n\t<\/div>\t\t\t<h2 class=\"title tm-split-text split-in-right\">\r\n\r\n\t\t\r\n\t\t\t\t<span class=\"title-part1 \">Galerie<\/span>\r\n\t\t\t\t\r\n\t\t\r\n\t<\/h2>\r\n\t<div class=\"title-seperator-line\"><\/div>\t\t\t\t\t\t<\/div>\r\n<\/div>\t\t\t\t<\/div>\n\t\t\t\t<\/div>\n\t\t\t\t<div class=\"elementor-element elementor-element-075e823 elementor-widget elementor-widget-tm-ele-image-gallery2\" data-id=\"075e823\" data-element_type=\"widget\" data-widget_type=\"tm-ele-image-gallery2.skin-style-current-theme1\">\n\t\t\t\t<div class=\"elementor-widget-container\">\n\t\t\t\t\t\t<div class=\"tm-sc-gallery tm-sc-gallery-grid grid-5\">\r\n\t\t<!-- Isotope Gallery Grid -->\r\n\t\t<div id=\"gallery-holder-654562\" class=\"isotope-layout grid-5 gutter-5 lightgallery-lightbox\">\r\n\t\t\t<div class=\"isotope-layout-inner\">\r\n\r\n\t\t\t\t<!-- the loop -->\r\n\t\t\t\t\t\t\t\t<!-- Isotope Item Start -->\r\n\t\t\t\t<div class=\"isotope-item\">\r\n\t\t\t\t\t<div class=\"isotope-item-inner\">\r\n\t\t\t\t\t\t<div class=\"tm-image-gallery tm-gallery-item-currenty-style1\">\r\n\t<div class=\"tm-gallery-inner\">\r\n\t\t<div class=\"thumb\">\r\n\t\t<a class=\"lightgallery-trigger\" data-exthumbimage=\"https:\/\/www.hotelbarsalini.com\/wp-content\/uploads\/marciana_01.jpg\" data-src=\"https:\/\/www.hotelbarsalini.com\/wp-content\/uploads\/marciana_01.jpg\" href=\"https:\/\/www.hotelbarsalini.com\/wp-content\/uploads\/marciana_01.jpg\">\t\t\t\t<img decoding=\"async\" class=\"thumb\" src=\"https:\/\/www.hotelbarsalini.com\/wp-content\/uploads\/marciana_01-768x512.jpg\" alt=\"Marciana\">\r\n\t\t\t<\/a>\t\t<\/div>\r\n        \t<\/div>\r\n<\/div>\t\t\t\t\t<\/div>\r\n\t\t\t\t<\/div>\r\n\t\t\t\t<!-- Isotope Item End -->\r\n\t\t\t\t\t\t\t\t<!-- Isotope Item Start -->\r\n\t\t\t\t<div class=\"isotope-item\">\r\n\t\t\t\t\t<div class=\"isotope-item-inner\">\r\n\t\t\t\t\t\t<div class=\"tm-image-gallery tm-gallery-item-currenty-style1\">\r\n\t<div class=\"tm-gallery-inner\">\r\n\t\t<div class=\"thumb\">\r\n\t\t<a class=\"lightgallery-trigger\" data-exthumbimage=\"https:\/\/www.hotelbarsalini.com\/wp-content\/uploads\/marciana_02.jpg\" data-src=\"https:\/\/www.hotelbarsalini.com\/wp-content\/uploads\/marciana_02.jpg\" href=\"https:\/\/www.hotelbarsalini.com\/wp-content\/uploads\/marciana_02.jpg\">\t\t\t\t<img decoding=\"async\" class=\"thumb\" src=\"https:\/\/www.hotelbarsalini.com\/wp-content\/uploads\/marciana_02-768x512.jpg\" alt=\"Marciana\">\r\n\t\t\t<\/a>\t\t<\/div>\r\n        \t<\/div>\r\n<\/div>\t\t\t\t\t<\/div>\r\n\t\t\t\t<\/div>\r\n\t\t\t\t<!-- Isotope Item End -->\r\n\t\t\t\t\t\t\t\t<!-- Isotope Item Start -->\r\n\t\t\t\t<div class=\"isotope-item\">\r\n\t\t\t\t\t<div class=\"isotope-item-inner\">\r\n\t\t\t\t\t\t<div class=\"tm-image-gallery tm-gallery-item-currenty-style1\">\r\n\t<div class=\"tm-gallery-inner\">\r\n\t\t<div class=\"thumb\">\r\n\t\t<a class=\"lightgallery-trigger\" data-exthumbimage=\"https:\/\/www.hotelbarsalini.com\/wp-content\/uploads\/marciana_05.jpg\" data-src=\"https:\/\/www.hotelbarsalini.com\/wp-content\/uploads\/marciana_05.jpg\" href=\"https:\/\/www.hotelbarsalini.com\/wp-content\/uploads\/marciana_05.jpg\">\t\t\t\t<img decoding=\"async\" class=\"thumb\" src=\"https:\/\/www.hotelbarsalini.com\/wp-content\/uploads\/marciana_05-768x512.jpg\" alt=\"Marciana\">\r\n\t\t\t<\/a>\t\t<\/div>\r\n        \t<\/div>\r\n<\/div>\t\t\t\t\t<\/div>\r\n\t\t\t\t<\/div>\r\n\t\t\t\t<!-- Isotope Item End -->\r\n\t\t\t\t\t\t\t\t<!-- Isotope Item Start -->\r\n\t\t\t\t<div class=\"isotope-item\">\r\n\t\t\t\t\t<div class=\"isotope-item-inner\">\r\n\t\t\t\t\t\t<div class=\"tm-image-gallery tm-gallery-item-currenty-style1\">\r\n\t<div class=\"tm-gallery-inner\">\r\n\t\t<div class=\"thumb\">\r\n\t\t<a class=\"lightgallery-trigger\" data-exthumbimage=\"https:\/\/www.hotelbarsalini.com\/wp-content\/uploads\/marciana_03.jpg\" data-src=\"https:\/\/www.hotelbarsalini.com\/wp-content\/uploads\/marciana_03.jpg\" href=\"https:\/\/www.hotelbarsalini.com\/wp-content\/uploads\/marciana_03.jpg\">\t\t\t\t<img decoding=\"async\" class=\"thumb\" src=\"https:\/\/www.hotelbarsalini.com\/wp-content\/uploads\/marciana_03-768x512.jpg\" alt=\"Cabinovia\">\r\n\t\t\t<\/a>\t\t<\/div>\r\n        \t<\/div>\r\n<\/div>\t\t\t\t\t<\/div>\r\n\t\t\t\t<\/div>\r\n\t\t\t\t<!-- Isotope Item End -->\r\n\t\t\t\t\t\t\t\t<!-- Isotope Item Start -->\r\n\t\t\t\t<div class=\"isotope-item\">\r\n\t\t\t\t\t<div class=\"isotope-item-inner\">\r\n\t\t\t\t\t\t<div class=\"tm-image-gallery tm-gallery-item-currenty-style1\">\r\n\t<div class=\"tm-gallery-inner\">\r\n\t\t<div class=\"thumb\">\r\n\t\t<a class=\"lightgallery-trigger\" data-exthumbimage=\"https:\/\/www.hotelbarsalini.com\/wp-content\/uploads\/marciana_04.jpg\" data-src=\"https:\/\/www.hotelbarsalini.com\/wp-content\/uploads\/marciana_04.jpg\" href=\"https:\/\/www.hotelbarsalini.com\/wp-content\/uploads\/marciana_04.jpg\">\t\t\t\t<img decoding=\"async\" class=\"thumb\" src=\"https:\/\/www.hotelbarsalini.com\/wp-content\/uploads\/marciana_04-768x512.jpg\" alt=\"Madonna del Monte\">\r\n\t\t\t<\/a>\t\t<\/div>\r\n        \t<\/div>\r\n<\/div>\t\t\t\t\t<\/div>\r\n\t\t\t\t<\/div>\r\n\t\t\t\t<!-- Isotope Item End -->\r\n\t\t\t\t\t\t\t\t<!-- end of the loop -->\r\n\t\t\t<\/div>\r\n\t\t<\/div>\r\n\t\t<!-- End Isotope Gallery Grid -->\r\n\t<\/div>\r\n\t\t\t\t<\/div>\n\t\t\t\t<\/div>\n\t\t\t\t<\/div>\n\t\t\t\t\t<\/div>\n\t\t\t\t<\/div>\n\t\t\t\t\t<\/div>\n\t\t\t\t<\/div>\n\t\t\t\t<\/div>\n\t\t","protected":false},"excerpt":{"rendered":"<p>Insel Elba Marciana Etwa 375 Meter \u00fc.d.M, unter jahrhundertealten Kastanienb\u00e4umen, befindet sich die mittelalterliche Ortschaft Marciana mit ihrem etruskisch-romanisch-arch\u00e4ologischen Museum&#8230;<\/p>\n","protected":false},"author":1,"featured_media":0,"parent":0,"menu_order":11,"comment_status":"closed","ping_status":"closed","template":"","meta":{"footnotes":""},"class_list":["post-118974","page","type-page","status-publish","hentry"],"yoast_head":"<!-- This site is optimized with the Yoast SEO plugin v26.7 - https:\/\/yoast.com\/wordpress\/plugins\/seo\/ -->\n<title>Marciana - Hotel Barsalini - Insel Elba<\/title>\n<meta name=\"description\" content=\"Etwa 375 Meter \u00fc.d.M, unter jahrhundertealten Kastanienb\u00e4umen, befindet sich die mittelalterliche Ortschaft Marciana.\" \/>\n<meta name=\"robots\" content=\"index, follow, max-snippet:-1, max-image-preview:large, max-video-preview:-1\" \/>\n<link rel=\"canonical\" href=\"https:\/\/www.hotelbarsalini.com\/de\/marciana\/\" \/>\n<meta property=\"og:locale\" content=\"de_DE\" \/>\n<meta property=\"og:type\" content=\"article\" \/>\n<meta property=\"og:title\" content=\"Marciana - Hotel Barsalini - Insel Elba\" \/>\n<meta property=\"og:description\" content=\"Etwa 375 Meter \u00fc.d.M, unter jahrhundertealten Kastanienb\u00e4umen, befindet sich die mittelalterliche Ortschaft Marciana.\" \/>\n<meta property=\"og:url\" content=\"https:\/\/www.hotelbarsalini.com\/de\/marciana\/\" \/>\n<meta property=\"og:site_name\" content=\"Hotel Barsalini\" \/>\n<meta property=\"article:publisher\" content=\"https:\/\/www.facebook.com\/hotelbarsalini\" \/>\n<meta property=\"article:modified_time\" content=\"2025-11-28T13:44:45+00:00\" \/>\n<meta property=\"og:image\" content=\"https:\/\/www.hotelbarsalini.com\/wp-content\/uploads\/pag_marciana_campanile.jpg\" \/>\n<meta name=\"twitter:card\" content=\"summary_large_image\" \/>\n<script type=\"application\/ld+json\" class=\"yoast-schema-graph\">{\"@context\":\"https:\/\/schema.org\",\"@graph\":[{\"@type\":\"WebPage\",\"@id\":\"https:\/\/www.hotelbarsalini.com\/de\/marciana\/\",\"url\":\"https:\/\/www.hotelbarsalini.com\/de\/marciana\/\",\"name\":\"Marciana - Hotel Barsalini - Insel Elba\",\"isPartOf\":{\"@id\":\"https:\/\/www.hotelbarsalini.com\/de\/#website\"},\"primaryImageOfPage\":{\"@id\":\"https:\/\/www.hotelbarsalini.com\/de\/marciana\/#primaryimage\"},\"image\":{\"@id\":\"https:\/\/www.hotelbarsalini.com\/de\/marciana\/#primaryimage\"},\"thumbnailUrl\":\"https:\/\/www.hotelbarsalini.com\/wp-content\/uploads\/pag_marciana_campanile.jpg\",\"datePublished\":\"2025-07-14T10:47:29+00:00\",\"dateModified\":\"2025-11-28T13:44:45+00:00\",\"description\":\"Etwa 375 Meter \u00fc.d.M, unter jahrhundertealten Kastanienb\u00e4umen, befindet sich die mittelalterliche Ortschaft Marciana.\",\"breadcrumb\":{\"@id\":\"https:\/\/www.hotelbarsalini.com\/de\/marciana\/#breadcrumb\"},\"inLanguage\":\"de\",\"potentialAction\":[{\"@type\":\"ReadAction\",\"target\":[\"https:\/\/www.hotelbarsalini.com\/de\/marciana\/\"]}]},{\"@type\":\"ImageObject\",\"inLanguage\":\"de\",\"@id\":\"https:\/\/www.hotelbarsalini.com\/de\/marciana\/#primaryimage\",\"url\":\"https:\/\/www.hotelbarsalini.com\/wp-content\/uploads\/pag_marciana_campanile.jpg\",\"contentUrl\":\"https:\/\/www.hotelbarsalini.com\/wp-content\/uploads\/pag_marciana_campanile.jpg\"},{\"@type\":\"BreadcrumbList\",\"@id\":\"https:\/\/www.hotelbarsalini.com\/de\/marciana\/#breadcrumb\",\"itemListElement\":[{\"@type\":\"ListItem\",\"position\":1,\"name\":\"Home\",\"item\":\"https:\/\/www.hotelbarsalini.com\/de\/\"},{\"@type\":\"ListItem\",\"position\":2,\"name\":\"Marciana\"}]},{\"@type\":\"WebSite\",\"@id\":\"https:\/\/www.hotelbarsalini.com\/de\/#website\",\"url\":\"https:\/\/www.hotelbarsalini.com\/de\/\",\"name\":\"Hotel Barsalini\",\"description\":\"Insel Elba\",\"publisher\":{\"@id\":\"https:\/\/www.hotelbarsalini.com\/de\/#organization\"},\"potentialAction\":[{\"@type\":\"SearchAction\",\"target\":{\"@type\":\"EntryPoint\",\"urlTemplate\":\"https:\/\/www.hotelbarsalini.com\/de\/?s={search_term_string}\"},\"query-input\":{\"@type\":\"PropertyValueSpecification\",\"valueRequired\":true,\"valueName\":\"search_term_string\"}}],\"inLanguage\":\"de\"},{\"@type\":\"Organization\",\"@id\":\"https:\/\/www.hotelbarsalini.com\/de\/#organization\",\"name\":\"Hotel Barsalini\",\"url\":\"https:\/\/www.hotelbarsalini.com\/de\/\",\"logo\":{\"@type\":\"ImageObject\",\"inLanguage\":\"de\",\"@id\":\"https:\/\/www.hotelbarsalini.com\/de\/#\/schema\/logo\/image\/\",\"url\":\"https:\/\/www.hotelbarsalini.com\/wp-content\/uploads\/hotel_barsalini_login.png\",\"contentUrl\":\"https:\/\/www.hotelbarsalini.com\/wp-content\/uploads\/hotel_barsalini_login.png\",\"width\":250,\"height\":211,\"caption\":\"Hotel Barsalini\"},\"image\":{\"@id\":\"https:\/\/www.hotelbarsalini.com\/de\/#\/schema\/logo\/image\/\"},\"sameAs\":[\"https:\/\/www.facebook.com\/hotelbarsalini\",\"https:\/\/www.instagram.com\/hotelbarsalini\/\"]}]}<\/script>\n<!-- \/ Yoast SEO plugin. -->","yoast_head_json":{"title":"Marciana - Hotel Barsalini - Insel Elba","description":"Etwa 375 Meter \u00fc.d.M, unter jahrhundertealten Kastanienb\u00e4umen, befindet sich die mittelalterliche Ortschaft Marciana.","robots":{"index":"index","follow":"follow","max-snippet":"max-snippet:-1","max-image-preview":"max-image-preview:large","max-video-preview":"max-video-preview:-1"},"canonical":"https:\/\/www.hotelbarsalini.com\/de\/marciana\/","og_locale":"de_DE","og_type":"article","og_title":"Marciana - Hotel Barsalini - Insel Elba","og_description":"Etwa 375 Meter \u00fc.d.M, unter jahrhundertealten Kastanienb\u00e4umen, befindet sich die mittelalterliche Ortschaft Marciana.","og_url":"https:\/\/www.hotelbarsalini.com\/de\/marciana\/","og_site_name":"Hotel Barsalini","article_publisher":"https:\/\/www.facebook.com\/hotelbarsalini","article_modified_time":"2025-11-28T13:44:45+00:00","og_image":[{"url":"https:\/\/www.hotelbarsalini.com\/wp-content\/uploads\/pag_marciana_campanile.jpg","type":"","width":"","height":""}],"twitter_card":"summary_large_image","schema":{"@context":"https:\/\/schema.org","@graph":[{"@type":"WebPage","@id":"https:\/\/www.hotelbarsalini.com\/de\/marciana\/","url":"https:\/\/www.hotelbarsalini.com\/de\/marciana\/","name":"Marciana - Hotel Barsalini - Insel Elba","isPartOf":{"@id":"https:\/\/www.hotelbarsalini.com\/de\/#website"},"primaryImageOfPage":{"@id":"https:\/\/www.hotelbarsalini.com\/de\/marciana\/#primaryimage"},"image":{"@id":"https:\/\/www.hotelbarsalini.com\/de\/marciana\/#primaryimage"},"thumbnailUrl":"https:\/\/www.hotelbarsalini.com\/wp-content\/uploads\/pag_marciana_campanile.jpg","datePublished":"2025-07-14T10:47:29+00:00","dateModified":"2025-11-28T13:44:45+00:00","description":"Etwa 375 Meter \u00fc.d.M, unter jahrhundertealten Kastanienb\u00e4umen, befindet sich die mittelalterliche Ortschaft Marciana.","breadcrumb":{"@id":"https:\/\/www.hotelbarsalini.com\/de\/marciana\/#breadcrumb"},"inLanguage":"de","potentialAction":[{"@type":"ReadAction","target":["https:\/\/www.hotelbarsalini.com\/de\/marciana\/"]}]},{"@type":"ImageObject","inLanguage":"de","@id":"https:\/\/www.hotelbarsalini.com\/de\/marciana\/#primaryimage","url":"https:\/\/www.hotelbarsalini.com\/wp-content\/uploads\/pag_marciana_campanile.jpg","contentUrl":"https:\/\/www.hotelbarsalini.com\/wp-content\/uploads\/pag_marciana_campanile.jpg"},{"@type":"BreadcrumbList","@id":"https:\/\/www.hotelbarsalini.com\/de\/marciana\/#breadcrumb","itemListElement":[{"@type":"ListItem","position":1,"name":"Home","item":"https:\/\/www.hotelbarsalini.com\/de\/"},{"@type":"ListItem","position":2,"name":"Marciana"}]},{"@type":"WebSite","@id":"https:\/\/www.hotelbarsalini.com\/de\/#website","url":"https:\/\/www.hotelbarsalini.com\/de\/","name":"Hotel Barsalini","description":"Insel Elba","publisher":{"@id":"https:\/\/www.hotelbarsalini.com\/de\/#organization"},"potentialAction":[{"@type":"SearchAction","target":{"@type":"EntryPoint","urlTemplate":"https:\/\/www.hotelbarsalini.com\/de\/?s={search_term_string}"},"query-input":{"@type":"PropertyValueSpecification","valueRequired":true,"valueName":"search_term_string"}}],"inLanguage":"de"},{"@type":"Organization","@id":"https:\/\/www.hotelbarsalini.com\/de\/#organization","name":"Hotel Barsalini","url":"https:\/\/www.hotelbarsalini.com\/de\/","logo":{"@type":"ImageObject","inLanguage":"de","@id":"https:\/\/www.hotelbarsalini.com\/de\/#\/schema\/logo\/image\/","url":"https:\/\/www.hotelbarsalini.com\/wp-content\/uploads\/hotel_barsalini_login.png","contentUrl":"https:\/\/www.hotelbarsalini.com\/wp-content\/uploads\/hotel_barsalini_login.png","width":250,"height":211,"caption":"Hotel Barsalini"},"image":{"@id":"https:\/\/www.hotelbarsalini.com\/de\/#\/schema\/logo\/image\/"},"sameAs":["https:\/\/www.facebook.com\/hotelbarsalini","https:\/\/www.instagram.com\/hotelbarsalini\/"]}]}},"_links":{"self":[{"href":"https:\/\/www.hotelbarsalini.com\/de\/wp-json\/wp\/v2\/pages\/118974","targetHints":{"allow":["GET"]}}],"collection":[{"href":"https:\/\/www.hotelbarsalini.com\/de\/wp-json\/wp\/v2\/pages"}],"about":[{"href":"https:\/\/www.hotelbarsalini.com\/de\/wp-json\/wp\/v2\/types\/page"}],"author":[{"embeddable":true,"href":"https:\/\/www.hotelbarsalini.com\/de\/wp-json\/wp\/v2\/users\/1"}],"replies":[{"embeddable":true,"href":"https:\/\/www.hotelbarsalini.com\/de\/wp-json\/wp\/v2\/comments?post=118974"}],"version-history":[{"count":7,"href":"https:\/\/www.hotelbarsalini.com\/de\/wp-json\/wp\/v2\/pages\/118974\/revisions"}],"predecessor-version":[{"id":118987,"href":"https:\/\/www.hotelbarsalini.com\/de\/wp-json\/wp\/v2\/pages\/118974\/revisions\/118987"}],"wp:attachment":[{"href":"https:\/\/www.hotelbarsalini.com\/de\/wp-json\/wp\/v2\/media?parent=118974"}],"curies":[{"name":"wp","href":"https:\/\/api.w.org\/{rel}","templated":true}]}}