{"id":118648,"date":"2025-07-10T15:39:58","date_gmt":"2025-07-10T13:39:58","guid":{"rendered":"https:\/\/www.hotelbarsalini.com\/la-nostra-storia\/"},"modified":"2025-11-24T14:20:17","modified_gmt":"2025-11-24T13:20:17","slug":"unsere-geschichte","status":"publish","type":"page","link":"https:\/\/www.hotelbarsalini.com\/de\/unsere-geschichte\/","title":{"rendered":"Unsere Geschichte"},"content":{"rendered":"\t\t<div data-elementor-type=\"wp-page\" data-elementor-id=\"118648\" class=\"elementor elementor-118648 elementor-117168\">\n\t\t\t\t<div class=\"elementor-element elementor-element-ed56dee e-flex e-con-boxed tm-col-stretched-none tm-bg-color-over-image e-con e-parent\" data-id=\"ed56dee\" data-element_type=\"container\" data-settings=\"{&quot;background_background&quot;:&quot;classic&quot;}\">\n\t\t\t\t\t<div class=\"e-con-inner\">\n\t\t\t\t<div class=\"elementor-element elementor-element-0ac2267 elementor-widget elementor-widget-spacer\" data-id=\"0ac2267\" data-element_type=\"widget\" data-widget_type=\"spacer.default\">\n\t\t\t\t<div class=\"elementor-widget-container\">\n\t\t\t\t\t\t\t<div class=\"elementor-spacer\">\n\t\t\t<div class=\"elementor-spacer-inner\"><\/div>\n\t\t<\/div>\n\t\t\t\t\t\t<\/div>\n\t\t\t\t<\/div>\n\t\t\t\t\t<\/div>\n\t\t\t\t<\/div>\n\t\t<div class=\"elementor-element elementor-element-6ec2b648 e-flex e-con-boxed tm-col-stretched-none tm-bg-color-over-image e-con e-parent\" data-id=\"6ec2b648\" data-element_type=\"container\">\n\t\t\t\t\t<div class=\"e-con-inner\">\n\t\t\t\t<div class=\"elementor-element elementor-element-dc50c36 elementor-widget elementor-widget-shortcode\" data-id=\"dc50c36\" data-element_type=\"widget\" data-widget_type=\"shortcode.default\">\n\t\t\t\t<div class=\"elementor-widget-container\">\n\t\t\t\t\t\t\t<div class=\"elementor-shortcode\"><div data-post-id=\"118509\" class=\"insert-page insert-page-118509 \">\t\t<div data-elementor-type=\"section\" data-elementor-id=\"118509\" class=\"elementor elementor-118509 elementor-116365\">\n\t\t\t\t<div class=\"elementor-element elementor-element-533ab58 e-con-full tm-col-stretched-none e-flex tm-bg-color-over-image e-con e-child\" data-id=\"533ab58\" data-element_type=\"container\">\n\t\t\t\t<div class=\"elementor-element elementor-element-6cfbde5d elementor-widget elementor-widget-html\" data-id=\"6cfbde5d\" data-element_type=\"widget\" data-widget_type=\"html.default\">\n\t\t\t\t<div class=\"elementor-widget-container\">\n\t\t\t\t\t<script charset=\"UTF-8\" defer src=\"https:\/\/cdn.beddy.io\/bol-v2\/prod\/beddy-bar-web-component.js\"><\/script><beddy-bar lang=\"de\" widgetcode=\"fceb7eb2f004d\"><\/beddy-bar>\t\t\t\t<\/div>\n\t\t\t\t<\/div>\n\t\t\t\t<\/div>\n\t\t\t\t<\/div>\n\t\t<\/div><\/div>\n\t\t\t\t\t\t<\/div>\n\t\t\t\t<\/div>\n\t\t\t\t\t<\/div>\n\t\t\t\t<\/div>\n\t\t<div class=\"elementor-element elementor-element-17ee6e4a e-flex e-con-boxed tm-col-stretched-none tm-bg-color-over-image e-con e-parent\" data-id=\"17ee6e4a\" data-element_type=\"container\">\n\t\t\t\t\t<div class=\"e-con-inner\">\n\t\t<div class=\"elementor-element elementor-element-3630ca81 e-con-full e-flex tm-col-stretched-none tm-bg-color-over-image e-con e-child\" data-id=\"3630ca81\" data-element_type=\"container\">\n\t\t<div class=\"elementor-element elementor-element-12e58dd6 e-con-full tm-col-stretched-none e-flex tm-bg-color-over-image e-con e-child\" data-id=\"12e58dd6\" data-element_type=\"container\">\n\t\t\t\t<div class=\"elementor-element elementor-element-f68679e horizontal-line-align-left vertical-line-align-bottom elementor-widget elementor-widget-tm-ele-section-title\" data-id=\"f68679e\" data-element_type=\"widget\" data-widget_type=\"tm-ele-section-title.default\">\n\t\t\t\t<div class=\"elementor-widget-container\">\n\t\t\t\t\t<div class=\"tm-sc-section-title section-title line-right-current-theme \">\r\n\t<div class=\"title-wrapper\">\r\n\t\t\t\t\r\n\r\n<div class=\"sub-title-outer\">\r\n\t\t<div class=\"subtitle \">\r\n\r\n\t\t\r\n\t\tDie Kinder erz\u00e4hlen\t<\/div>\r\n\t<\/div>\t\t\t<h2 class=\"title tm-split-text split-in-right\">\r\n\r\n\t\t\r\n\t\t\t\t<span class=\"title-part1 \">Unsere Geschichte<\/span>\r\n\t\t\t\t\r\n\t\t\r\n\t<\/h2>\r\n\t<div class=\"title-seperator-line\"><\/div>\t\t\t\t\t\t<\/div>\r\n<\/div>\t\t\t\t<\/div>\n\t\t\t\t<\/div>\n\t\t\t\t<div class=\"elementor-element elementor-element-bf22f0c elementor-widget elementor-widget-tm-ele-text-editor\" data-id=\"bf22f0c\" data-element_type=\"widget\" data-widget_type=\"tm-ele-text-editor.default\">\n\t\t\t\t<div class=\"elementor-widget-container\">\n\t\t\t\t\t\t\t<div class=\"tm-text-editor\">\r\n\t\tWir sind in den 50-igerJahren und die ersten Touristen entdecken die Sch\u00f6nheiten von S. Andrea.\t\t<\/div>\r\n\t\t\t\t\t<\/div>\n\t\t\t\t<\/div>\n\t\t\t\t<div class=\"elementor-element elementor-element-b025266 elementor-widget elementor-widget-tm-ele-text-editor\" data-id=\"b025266\" data-element_type=\"widget\" data-widget_type=\"tm-ele-text-editor.default\">\n\t\t\t\t<div class=\"elementor-widget-container\">\n\t\t\t\t\t\t\t<div class=\"tm-text-editor\">\r\n\t\tAm kleinen Strand werden immer mehr Sonnenschirme aufgestellt. Die Einwohner entschlie\u00dfen sich, den Touristen einige k\u00fchle Getr\u00e4nke und Nudelspeisen anzubieten.\n\nUnter ihnen sind auch Opa Dino und seine Ehefrau, die den neuen G\u00e4sten ihre Gastfreundschaft anbieten. Sie entdecken, dass ihre neue Besch\u00e4ftigung sehr fruchtbar f\u00fcr sie ist.\n\nAm Anfang sind es nur ein paar Tische. Aber die einfachen und mit viel Geschick und Liebe von der Gro\u00dfmutter gekochten Speisen schmecken den Touristen so gut, dass bald mehr Tische aufgestellt werden. Inzwischen w\u00e4chst Vati und lernt die Kochgeheimnisse und die Kunst der Gastfreundschaft.\t\t<\/div>\r\n\t\t\t\t\t<\/div>\n\t\t\t\t<\/div>\n\t\t\t\t<div class=\"elementor-element elementor-element-84b4b01 elementor-widget elementor-widget-tm-ele-text-editor\" data-id=\"84b4b01\" data-element_type=\"widget\" data-widget_type=\"tm-ele-text-editor.default\">\n\t\t\t\t<div class=\"elementor-widget-container\">\n\t\t\t\t\t\t\t<div class=\"tm-text-editor\">\r\n\t\tIm Jahr 1962 heiraten unsere Eltern.\t\t<\/div>\r\n\t\t\t\t\t<\/div>\n\t\t\t\t<\/div>\n\t\t\t\t<div class=\"elementor-element elementor-element-95c7487 elementor-widget elementor-widget-tm-ele-text-editor\" data-id=\"95c7487\" data-element_type=\"widget\" data-widget_type=\"tm-ele-text-editor.default\">\n\t\t\t\t<div class=\"elementor-widget-container\">\n\t\t\t\t\t\t\t<div class=\"tm-text-editor\">\r\n\t\tDie ersten Jahre sind sehr schwer und so entschlie\u00dfen sie sich, S. Andrea zu verlassen, um sich eine andere Arbeit zu suchen und eine Fremdsprache zu lernen.\n\nVati arbeitet einige Jahre in Deutschland als Kellner. Mutti wohnt in Sestri Levante, wo sie ihr erstes Kind, das M\u00e4dchen Giuseppina, aufzieht und, im Jahre 1963, in einem Hotel als Zimmerm\u00e4dchen Arbeit findet.\t\t<\/div>\r\n\t\t\t\t\t<\/div>\n\t\t\t\t<\/div>\n\t\t\t\t<div class=\"elementor-element elementor-element-948114f elementor-widget elementor-widget-tm-ele-text-editor\" data-id=\"948114f\" data-element_type=\"widget\" data-widget_type=\"tm-ele-text-editor.default\">\n\t\t\t\t<div class=\"elementor-widget-container\">\n\t\t\t\t\t\t\t<div class=\"tm-text-editor\">\r\n\t\tDie Gesch\u00e4fte von Opa Dino laufen immer noch gut, so entschlie\u00dfen sich Vati und Mutti mit mehr Erfahrung nach Sant'Andrea zur\u00fcckzukehren, um den Eltern zu helfen.\n\nIn den folgenden Jahren arbeiten alle sehr hart und so gelingt es ihnen, die \"Trattoria Barsalini\" in das \"Kleine Hotel Barsalini\" umzuwandeln.\t\t<\/div>\r\n\t\t\t\t\t<\/div>\n\t\t\t\t<\/div>\n\t\t\t\t<div class=\"elementor-element elementor-element-917f764 elementor-widget elementor-widget-tm-ele-text-editor\" data-id=\"917f764\" data-element_type=\"widget\" data-widget_type=\"tm-ele-text-editor.default\">\n\t\t\t\t<div class=\"elementor-widget-container\">\n\t\t\t\t\t\t\t<div class=\"tm-text-editor\">\r\n\t\tIn 1969 und 1971 werden Barbara und Davide geboren.\t\t<\/div>\r\n\t\t\t\t\t<\/div>\n\t\t\t\t<\/div>\n\t\t\t\t<div class=\"elementor-element elementor-element-f0f4361 elementor-widget elementor-widget-tm-ele-text-editor\" data-id=\"f0f4361\" data-element_type=\"widget\" data-widget_type=\"tm-ele-text-editor.default\">\n\t\t\t\t<div class=\"elementor-widget-container\">\n\t\t\t\t\t\t\t<div class=\"tm-text-editor\">\r\n\t\tUnd wie schon seit zwei Generationen helfen auch wir den Eltern im Hotel. Da wir immer mehr zufriedene G\u00e4ste bekommen, m\u00fcssen wir das Hotel weiter ausbauen.\n\nHeute ist die Familie gro\u00df, aber wir sind alle hier geblieben, weil wir mit dem Hotel gro\u00df geworden sind und uns die Arbeit Spa\u00df macht.\t\t<\/div>\r\n\t\t\t\t\t<\/div>\n\t\t\t\t<\/div>\n\t\t\t\t<div class=\"elementor-element elementor-element-a6d019a elementor-widget elementor-widget-tm-ele-text-editor\" data-id=\"a6d019a\" data-element_type=\"widget\" data-widget_type=\"tm-ele-text-editor.default\">\n\t\t\t\t<div class=\"elementor-widget-container\">\n\t\t\t\t\t\t\t<div class=\"tm-text-editor\">\r\n\t\t<h5>Unseren Kinder werden wir diese Geschichte erz\u00e4hlen...<\/h5>\t\t<\/div>\r\n\t\t\t\t\t<\/div>\n\t\t\t\t<\/div>\n\t\t\t\t<\/div>\n\t\t\t\t<\/div>\n\t\t\t\t\t<\/div>\n\t\t\t\t<\/div>\n\t\t<div class=\"elementor-element elementor-element-83ef76b e-flex e-con-boxed tm-col-stretched-none tm-bg-color-over-image e-con e-parent\" data-id=\"83ef76b\" data-element_type=\"container\" data-settings=\"{&quot;background_background&quot;:&quot;classic&quot;}\">\n\t\t\t\t\t<div class=\"e-con-inner\">\n\t\t<div class=\"elementor-element elementor-element-3994afc e-flex e-con-boxed tm-col-stretched-none tm-bg-color-over-image e-con e-child\" data-id=\"3994afc\" data-element_type=\"container\">\n\t\t\t\t\t<div class=\"e-con-inner\">\n\t\t<div class=\"elementor-element elementor-element-60709bb e-con-full tm-col-stretched-none e-flex tm-bg-color-over-image e-con e-child\" data-id=\"60709bb\" data-element_type=\"container\">\n\t\t\t\t<div class=\"elementor-element elementor-element-ef27c35 elementor-widget elementor-widget-image\" data-id=\"ef27c35\" data-element_type=\"widget\" data-widget_type=\"image.default\">\n\t\t\t\t<div class=\"elementor-widget-container\">\n\t\t\t\t\t\t\t\t\t\t\t\t\t\t\t<img decoding=\"async\" width=\"248\" height=\"159\" src=\"https:\/\/www.hotelbarsalini.com\/wp-content\/uploads\/pag_storia_sant_andrea_1.jpg\" class=\"attachment-full size-full wp-image-117181\" alt=\"Sant&#039;Andrea\" \/>\t\t\t\t\t\t\t\t\t\t\t\t\t\t\t<\/div>\n\t\t\t\t<\/div>\n\t\t\t\t<\/div>\n\t\t\t\t\t<\/div>\n\t\t\t\t<\/div>\n\t\t<div class=\"elementor-element elementor-element-2ce199a e-con-full e-flex tm-col-stretched-none tm-bg-color-over-image e-con e-child\" data-id=\"2ce199a\" data-element_type=\"container\">\n\t\t<div class=\"elementor-element elementor-element-6fd4b78 e-con-full tm-col-stretched-none e-flex tm-bg-color-over-image e-con e-child\" data-id=\"6fd4b78\" data-element_type=\"container\">\n\t\t\t\t<div class=\"elementor-element elementor-element-fd54de7 elementor-widget elementor-widget-image\" data-id=\"fd54de7\" data-element_type=\"widget\" data-widget_type=\"image.default\">\n\t\t\t\t<div class=\"elementor-widget-container\">\n\t\t\t\t\t\t\t\t\t\t\t\t\t\t\t<img decoding=\"async\" width=\"138\" height=\"200\" src=\"https:\/\/www.hotelbarsalini.com\/wp-content\/uploads\/pag_storia_barsalini.jpg\" class=\"attachment-full size-full wp-image-117185\" alt=\"Famiglia Barsalini\" \/>\t\t\t\t\t\t\t\t\t\t\t\t\t\t\t<\/div>\n\t\t\t\t<\/div>\n\t\t\t\t<\/div>\n\t\t\t\t<\/div>\n\t\t<div class=\"elementor-element elementor-element-aa6c59f e-con-full e-flex tm-col-stretched-none tm-bg-color-over-image e-con e-child\" data-id=\"aa6c59f\" data-element_type=\"container\">\n\t\t<div class=\"elementor-element elementor-element-33997e7 e-con-full tm-col-stretched-none e-flex tm-bg-color-over-image e-con e-child\" data-id=\"33997e7\" data-element_type=\"container\">\n\t\t\t\t<div class=\"elementor-element elementor-element-9f77620 elementor-widget elementor-widget-image\" data-id=\"9f77620\" data-element_type=\"widget\" data-widget_type=\"image.default\">\n\t\t\t\t<div class=\"elementor-widget-container\">\n\t\t\t\t\t\t\t\t\t\t\t\t\t\t\t<img decoding=\"async\" width=\"248\" height=\"159\" src=\"https:\/\/www.hotelbarsalini.com\/wp-content\/uploads\/pag_storia_sant_andrea_2.jpg\" class=\"attachment-full size-full wp-image-117189\" alt=\"Hotel Barsalini\" \/>\t\t\t\t\t\t\t\t\t\t\t\t\t\t\t<\/div>\n\t\t\t\t<\/div>\n\t\t\t\t<\/div>\n\t\t\t\t<\/div>\n\t\t\t\t\t<\/div>\n\t\t\t\t<\/div>\n\t\t\t\t<\/div>\n\t\t","protected":false},"excerpt":{"rendered":"<p>Die Kinder erz\u00e4hlen Unsere Geschichte Wir sind in den 50-igerJahren und die ersten Touristen entdecken die Sch\u00f6nheiten von S. Andrea&#8230;.<\/p>\n","protected":false},"author":1,"featured_media":0,"parent":0,"menu_order":5,"comment_status":"closed","ping_status":"closed","template":"","meta":{"footnotes":""},"class_list":["post-118648","page","type-page","status-publish","hentry"],"yoast_head":"<!-- This site is optimized with the Yoast SEO plugin v26.7 - https:\/\/yoast.com\/wordpress\/plugins\/seo\/ -->\n<title>Unsere Geschichte - Hotel Barsalini - Insel Elba<\/title>\n<meta name=\"description\" content=\"Wir sind in den 50-igerJahren und die ersten Touristen entdecken die Sch\u00f6nheiten von S. Andrea.Am kleinen Strand werden immer mehr Sonnenschirme aufgestellt.\" \/>\n<meta name=\"robots\" content=\"index, follow, max-snippet:-1, max-image-preview:large, max-video-preview:-1\" \/>\n<link rel=\"canonical\" href=\"https:\/\/www.hotelbarsalini.com\/de\/unsere-geschichte\/\" \/>\n<meta property=\"og:locale\" content=\"de_DE\" \/>\n<meta property=\"og:type\" content=\"article\" \/>\n<meta property=\"og:title\" content=\"Unsere Geschichte - Hotel Barsalini - Insel Elba\" \/>\n<meta property=\"og:description\" content=\"Wir sind in den 50-igerJahren und die ersten Touristen entdecken die Sch\u00f6nheiten von S. Andrea.Am kleinen Strand werden immer mehr Sonnenschirme aufgestellt.\" \/>\n<meta property=\"og:url\" content=\"https:\/\/www.hotelbarsalini.com\/de\/unsere-geschichte\/\" \/>\n<meta property=\"og:site_name\" content=\"Hotel Barsalini\" \/>\n<meta property=\"article:publisher\" content=\"https:\/\/www.facebook.com\/hotelbarsalini\" \/>\n<meta property=\"article:modified_time\" content=\"2025-11-24T13:20:17+00:00\" \/>\n<meta property=\"og:image\" content=\"https:\/\/www.hotelbarsalini.com\/wp-content\/uploads\/pag_storia_sant_andrea_1.jpg\" \/>\n<meta name=\"twitter:card\" content=\"summary_large_image\" \/>\n<script type=\"application\/ld+json\" class=\"yoast-schema-graph\">{\"@context\":\"https:\/\/schema.org\",\"@graph\":[{\"@type\":\"WebPage\",\"@id\":\"https:\/\/www.hotelbarsalini.com\/de\/unsere-geschichte\/\",\"url\":\"https:\/\/www.hotelbarsalini.com\/de\/unsere-geschichte\/\",\"name\":\"Unsere Geschichte - Hotel Barsalini - Insel Elba\",\"isPartOf\":{\"@id\":\"https:\/\/www.hotelbarsalini.com\/de\/#website\"},\"primaryImageOfPage\":{\"@id\":\"https:\/\/www.hotelbarsalini.com\/de\/unsere-geschichte\/#primaryimage\"},\"image\":{\"@id\":\"https:\/\/www.hotelbarsalini.com\/de\/unsere-geschichte\/#primaryimage\"},\"thumbnailUrl\":\"https:\/\/www.hotelbarsalini.com\/wp-content\/uploads\/pag_storia_sant_andrea_1.jpg\",\"datePublished\":\"2025-07-10T13:39:58+00:00\",\"dateModified\":\"2025-11-24T13:20:17+00:00\",\"description\":\"Wir sind in den 50-igerJahren und die ersten Touristen entdecken die Sch\u00f6nheiten von S. Andrea.Am kleinen Strand werden immer mehr Sonnenschirme aufgestellt.\",\"breadcrumb\":{\"@id\":\"https:\/\/www.hotelbarsalini.com\/de\/unsere-geschichte\/#breadcrumb\"},\"inLanguage\":\"de\",\"potentialAction\":[{\"@type\":\"ReadAction\",\"target\":[\"https:\/\/www.hotelbarsalini.com\/de\/unsere-geschichte\/\"]}]},{\"@type\":\"ImageObject\",\"inLanguage\":\"de\",\"@id\":\"https:\/\/www.hotelbarsalini.com\/de\/unsere-geschichte\/#primaryimage\",\"url\":\"https:\/\/www.hotelbarsalini.com\/wp-content\/uploads\/pag_storia_sant_andrea_1.jpg\",\"contentUrl\":\"https:\/\/www.hotelbarsalini.com\/wp-content\/uploads\/pag_storia_sant_andrea_1.jpg\"},{\"@type\":\"BreadcrumbList\",\"@id\":\"https:\/\/www.hotelbarsalini.com\/de\/unsere-geschichte\/#breadcrumb\",\"itemListElement\":[{\"@type\":\"ListItem\",\"position\":1,\"name\":\"Home\",\"item\":\"https:\/\/www.hotelbarsalini.com\/de\/\"},{\"@type\":\"ListItem\",\"position\":2,\"name\":\"Unsere Geschichte\"}]},{\"@type\":\"WebSite\",\"@id\":\"https:\/\/www.hotelbarsalini.com\/de\/#website\",\"url\":\"https:\/\/www.hotelbarsalini.com\/de\/\",\"name\":\"Hotel Barsalini\",\"description\":\"Insel Elba\",\"publisher\":{\"@id\":\"https:\/\/www.hotelbarsalini.com\/de\/#organization\"},\"potentialAction\":[{\"@type\":\"SearchAction\",\"target\":{\"@type\":\"EntryPoint\",\"urlTemplate\":\"https:\/\/www.hotelbarsalini.com\/de\/?s={search_term_string}\"},\"query-input\":{\"@type\":\"PropertyValueSpecification\",\"valueRequired\":true,\"valueName\":\"search_term_string\"}}],\"inLanguage\":\"de\"},{\"@type\":\"Organization\",\"@id\":\"https:\/\/www.hotelbarsalini.com\/de\/#organization\",\"name\":\"Hotel Barsalini\",\"url\":\"https:\/\/www.hotelbarsalini.com\/de\/\",\"logo\":{\"@type\":\"ImageObject\",\"inLanguage\":\"de\",\"@id\":\"https:\/\/www.hotelbarsalini.com\/de\/#\/schema\/logo\/image\/\",\"url\":\"https:\/\/www.hotelbarsalini.com\/wp-content\/uploads\/hotel_barsalini_login.png\",\"contentUrl\":\"https:\/\/www.hotelbarsalini.com\/wp-content\/uploads\/hotel_barsalini_login.png\",\"width\":250,\"height\":211,\"caption\":\"Hotel Barsalini\"},\"image\":{\"@id\":\"https:\/\/www.hotelbarsalini.com\/de\/#\/schema\/logo\/image\/\"},\"sameAs\":[\"https:\/\/www.facebook.com\/hotelbarsalini\",\"https:\/\/www.instagram.com\/hotelbarsalini\/\"]}]}<\/script>\n<!-- \/ Yoast SEO plugin. -->","yoast_head_json":{"title":"Unsere Geschichte - Hotel Barsalini - Insel Elba","description":"Wir sind in den 50-igerJahren und die ersten Touristen entdecken die Sch\u00f6nheiten von S. Andrea.Am kleinen Strand werden immer mehr Sonnenschirme aufgestellt.","robots":{"index":"index","follow":"follow","max-snippet":"max-snippet:-1","max-image-preview":"max-image-preview:large","max-video-preview":"max-video-preview:-1"},"canonical":"https:\/\/www.hotelbarsalini.com\/de\/unsere-geschichte\/","og_locale":"de_DE","og_type":"article","og_title":"Unsere Geschichte - Hotel Barsalini - Insel Elba","og_description":"Wir sind in den 50-igerJahren und die ersten Touristen entdecken die Sch\u00f6nheiten von S. Andrea.Am kleinen Strand werden immer mehr Sonnenschirme aufgestellt.","og_url":"https:\/\/www.hotelbarsalini.com\/de\/unsere-geschichte\/","og_site_name":"Hotel Barsalini","article_publisher":"https:\/\/www.facebook.com\/hotelbarsalini","article_modified_time":"2025-11-24T13:20:17+00:00","og_image":[{"url":"https:\/\/www.hotelbarsalini.com\/wp-content\/uploads\/pag_storia_sant_andrea_1.jpg","type":"","width":"","height":""}],"twitter_card":"summary_large_image","schema":{"@context":"https:\/\/schema.org","@graph":[{"@type":"WebPage","@id":"https:\/\/www.hotelbarsalini.com\/de\/unsere-geschichte\/","url":"https:\/\/www.hotelbarsalini.com\/de\/unsere-geschichte\/","name":"Unsere Geschichte - Hotel Barsalini - Insel Elba","isPartOf":{"@id":"https:\/\/www.hotelbarsalini.com\/de\/#website"},"primaryImageOfPage":{"@id":"https:\/\/www.hotelbarsalini.com\/de\/unsere-geschichte\/#primaryimage"},"image":{"@id":"https:\/\/www.hotelbarsalini.com\/de\/unsere-geschichte\/#primaryimage"},"thumbnailUrl":"https:\/\/www.hotelbarsalini.com\/wp-content\/uploads\/pag_storia_sant_andrea_1.jpg","datePublished":"2025-07-10T13:39:58+00:00","dateModified":"2025-11-24T13:20:17+00:00","description":"Wir sind in den 50-igerJahren und die ersten Touristen entdecken die Sch\u00f6nheiten von S. Andrea.Am kleinen Strand werden immer mehr Sonnenschirme aufgestellt.","breadcrumb":{"@id":"https:\/\/www.hotelbarsalini.com\/de\/unsere-geschichte\/#breadcrumb"},"inLanguage":"de","potentialAction":[{"@type":"ReadAction","target":["https:\/\/www.hotelbarsalini.com\/de\/unsere-geschichte\/"]}]},{"@type":"ImageObject","inLanguage":"de","@id":"https:\/\/www.hotelbarsalini.com\/de\/unsere-geschichte\/#primaryimage","url":"https:\/\/www.hotelbarsalini.com\/wp-content\/uploads\/pag_storia_sant_andrea_1.jpg","contentUrl":"https:\/\/www.hotelbarsalini.com\/wp-content\/uploads\/pag_storia_sant_andrea_1.jpg"},{"@type":"BreadcrumbList","@id":"https:\/\/www.hotelbarsalini.com\/de\/unsere-geschichte\/#breadcrumb","itemListElement":[{"@type":"ListItem","position":1,"name":"Home","item":"https:\/\/www.hotelbarsalini.com\/de\/"},{"@type":"ListItem","position":2,"name":"Unsere Geschichte"}]},{"@type":"WebSite","@id":"https:\/\/www.hotelbarsalini.com\/de\/#website","url":"https:\/\/www.hotelbarsalini.com\/de\/","name":"Hotel Barsalini","description":"Insel Elba","publisher":{"@id":"https:\/\/www.hotelbarsalini.com\/de\/#organization"},"potentialAction":[{"@type":"SearchAction","target":{"@type":"EntryPoint","urlTemplate":"https:\/\/www.hotelbarsalini.com\/de\/?s={search_term_string}"},"query-input":{"@type":"PropertyValueSpecification","valueRequired":true,"valueName":"search_term_string"}}],"inLanguage":"de"},{"@type":"Organization","@id":"https:\/\/www.hotelbarsalini.com\/de\/#organization","name":"Hotel Barsalini","url":"https:\/\/www.hotelbarsalini.com\/de\/","logo":{"@type":"ImageObject","inLanguage":"de","@id":"https:\/\/www.hotelbarsalini.com\/de\/#\/schema\/logo\/image\/","url":"https:\/\/www.hotelbarsalini.com\/wp-content\/uploads\/hotel_barsalini_login.png","contentUrl":"https:\/\/www.hotelbarsalini.com\/wp-content\/uploads\/hotel_barsalini_login.png","width":250,"height":211,"caption":"Hotel Barsalini"},"image":{"@id":"https:\/\/www.hotelbarsalini.com\/de\/#\/schema\/logo\/image\/"},"sameAs":["https:\/\/www.facebook.com\/hotelbarsalini","https:\/\/www.instagram.com\/hotelbarsalini\/"]}]}},"_links":{"self":[{"href":"https:\/\/www.hotelbarsalini.com\/de\/wp-json\/wp\/v2\/pages\/118648","targetHints":{"allow":["GET"]}}],"collection":[{"href":"https:\/\/www.hotelbarsalini.com\/de\/wp-json\/wp\/v2\/pages"}],"about":[{"href":"https:\/\/www.hotelbarsalini.com\/de\/wp-json\/wp\/v2\/types\/page"}],"author":[{"embeddable":true,"href":"https:\/\/www.hotelbarsalini.com\/de\/wp-json\/wp\/v2\/users\/1"}],"replies":[{"embeddable":true,"href":"https:\/\/www.hotelbarsalini.com\/de\/wp-json\/wp\/v2\/comments?post=118648"}],"version-history":[{"count":4,"href":"https:\/\/www.hotelbarsalini.com\/de\/wp-json\/wp\/v2\/pages\/118648\/revisions"}],"predecessor-version":[{"id":118653,"href":"https:\/\/www.hotelbarsalini.com\/de\/wp-json\/wp\/v2\/pages\/118648\/revisions\/118653"}],"wp:attachment":[{"href":"https:\/\/www.hotelbarsalini.com\/de\/wp-json\/wp\/v2\/media?parent=118648"}],"curies":[{"name":"wp","href":"https:\/\/api.w.org\/{rel}","templated":true}]}}